{"id":758,"date":"2019-11-13T11:00:03","date_gmt":"2019-11-13T10:00:03","guid":{"rendered":"https:\/\/www.hotel-relaisdeschamps.com\/contact-location\/"},"modified":"2022-11-07T15:24:19","modified_gmt":"2022-11-07T14:24:19","slug":"contact-location","status":"publish","type":"page","link":"https:\/\/www.hotel-relaisdeschamps.com\/en\/contact-location\/","title":{"rendered":"Contact &amp; Location"},"content":{"rendered":"[vc_row type=&#8221;full_width_content&#8221; full_screen_row_position=&#8221;bottom&#8221; equal_height=&#8221;yes&#8221; content_placement=&#8221;top&#8221; scene_position=&#8221;center&#8221; text_color=&#8221;dark&#8221; text_align=&#8221;left&#8221; class=&#8221;desk&#8221; overlay_strength=&#8221;0.3&#8243; shape_divider_position=&#8221;bottom&#8221; shape_type=&#8221;&#8221;][vc_column column_padding=&#8221;padding-5-percent&#8221; column_padding_position=&#8221;all&#8221; background_color=&#8221;#ffffff&#8221; background_color_opacity=&#8221;1&#8243; background_color_hover=&#8221;#ffffff&#8221; background_hover_color_opacity=&#8221;1&#8243; column_shadow=&#8221;none&#8221; column_border_radius=&#8221;none&#8221; width=&#8221;1\/2&#8243; tablet_text_alignment=&#8221;default&#8221; phone_text_alignment=&#8221;default&#8221; column_border_width=&#8221;none&#8221; column_border_style=&#8221;solid&#8221;][vc_custom_heading text=&#8221;Contact &amp; Location&#8221; font_container=&#8221;tag:h2|text_align:left|color:%230a0a0a&#8221; use_theme_fonts=&#8221;yes&#8221;][vc_row_inner column_margin=&#8221;default&#8221; bottom_padding=&#8221;50&#8243; text_align=&#8221;left&#8221;][vc_column_inner column_padding=&#8221;no-extra-padding&#8221; column_padding_position=&#8221;all&#8221; background_color_opacity=&#8221;1&#8243; background_hover_color_opacity=&#8221;1&#8243; column_shadow=&#8221;none&#8221; column_border_radius=&#8221;none&#8221; width=&#8221;1\/2&#8243; column_border_width=&#8221;none&#8221; column_border_style=&#8221;solid&#8221;][vc_column_text]\n<div class=\"wpb_text_column wpb_content_element \">\n<div class=\"wpb_wrapper\">\n<h3>Contact us<\/h3>\n<p><strong>Phone<\/strong> : 05 58 51 18 00<br \/>\n<strong>Fax<\/strong> : 05 58 51 12 28<br \/>\n<strong>E-mail<\/strong> : <a href=\"mailto:lerelaisdeschamps@gmail.com\">lerelaisdeschamps@gmail.com<\/a><\/p>\n<h3>Restaurant<\/h3>\n<p>Open to everyone 7 days a week<\/p>\n<p><strong>Lunch<\/strong> : 12h00 \u2013 13h30<br \/>\n<strong>Dinner<\/strong> : 19h00 \u2013 20h30<\/p>\n<\/div>\n<\/div>\n[\/vc_column_text][\/vc_column_inner][vc_column_inner column_padding=&#8221;no-extra-padding&#8221; column_padding_position=&#8221;all&#8221; background_color_opacity=&#8221;1&#8243; background_hover_color_opacity=&#8221;1&#8243; column_shadow=&#8221;none&#8221; column_border_radius=&#8221;none&#8221; width=&#8221;1\/2&#8243; column_border_width=&#8221;none&#8221; column_border_style=&#8221;solid&#8221;][\/vc_column_inner][\/vc_row_inner][vc_custom_heading text=&#8221;Contact form&#8221; font_container=&#8221;tag:h2|text_align:left|color:%230a0a0a&#8221; use_theme_fonts=&#8221;yes&#8221;]\n<div class=\"wpcf7 no-js\" id=\"wpcf7-f7-o1\" lang=\"fr-FR\" dir=\"ltr\" data-wpcf7-id=\"7\">\n<div class=\"screen-reader-response\"><p role=\"status\" aria-live=\"polite\" aria-atomic=\"true\"><\/p> <ul><\/ul><\/div>\n<form action=\"\/en\/wp-json\/wp\/v2\/pages\/758#wpcf7-f7-o1\" method=\"post\" class=\"wpcf7-form init\" aria-label=\"Formulaire de contact\" novalidate=\"novalidate\" data-status=\"init\">\n<fieldset class=\"hidden-fields-container\"><input type=\"hidden\" name=\"_wpcf7\" value=\"7\" \/><input type=\"hidden\" name=\"_wpcf7_version\" value=\"6.1.4\" \/><input type=\"hidden\" name=\"_wpcf7_locale\" value=\"fr_FR\" \/><input type=\"hidden\" name=\"_wpcf7_unit_tag\" value=\"wpcf7-f7-o1\" \/><input type=\"hidden\" name=\"_wpcf7_container_post\" value=\"0\" \/><input type=\"hidden\" name=\"_wpcf7_posted_data_hash\" value=\"\" \/><input type=\"hidden\" name=\"_wpcf7_recaptcha_response\" value=\"\" \/>\n<\/fieldset>\n<p><label> Votre nom (obligatoire)<br \/>\n<span class=\"wpcf7-form-control-wrap\" data-name=\"your-name\"><input size=\"40\" maxlength=\"400\" class=\"wpcf7-form-control wpcf7-text wpcf7-validates-as-required\" aria-required=\"true\" aria-invalid=\"false\" value=\"\" type=\"text\" name=\"your-name\" \/><\/span> <\/label>\n<\/p>\n<p><label> Votre adresse de messagerie (obligatoire)<br \/>\n<span class=\"wpcf7-form-control-wrap\" data-name=\"your-email\"><input size=\"40\" maxlength=\"400\" class=\"wpcf7-form-control wpcf7-email wpcf7-validates-as-required wpcf7-text wpcf7-validates-as-email\" aria-required=\"true\" aria-invalid=\"false\" value=\"\" type=\"email\" name=\"your-email\" \/><\/span> <\/label>\n<\/p>\n<p><label> Objet<br \/>\n<span class=\"wpcf7-form-control-wrap\" data-name=\"your-subject\"><input size=\"40\" maxlength=\"400\" class=\"wpcf7-form-control wpcf7-text\" aria-invalid=\"false\" value=\"\" type=\"text\" name=\"your-subject\" \/><\/span> <\/label>\n<\/p>\n<p><label> Votre message<br \/>\n<span class=\"wpcf7-form-control-wrap\" data-name=\"your-message\"><textarea cols=\"40\" rows=\"10\" maxlength=\"2000\" class=\"wpcf7-form-control wpcf7-textarea\" aria-invalid=\"false\" name=\"your-message\"><\/textarea><\/span> <\/label>\n<\/p>\n<p><button type=\"submit\" disabled>Envoyer<\/button>\n<\/p><div class=\"wpcf7-response-output\" aria-hidden=\"true\"><\/div>\n<\/form>\n<\/div>\n[\/vc_column][vc_column column_padding=&#8221;no-extra-padding&#8221; column_padding_position=&#8221;all&#8221; background_color_opacity=&#8221;1&#8243; background_hover_color_opacity=&#8221;1&#8243; column_shadow=&#8221;none&#8221; column_border_radius=&#8221;none&#8221; width=&#8221;1\/2&#8243; tablet_text_alignment=&#8221;default&#8221; phone_text_alignment=&#8221;default&#8221; column_border_width=&#8221;none&#8221; column_border_style=&#8221;solid&#8221;][vc_column_text]<iframe loading=\"lazy\" style=\"border: 0;\" src=\"https:\/\/www.google.com\/maps\/embed?pb=!1m14!1m8!1m3!1d369218.85868286254!2d-0.6430669099141826!3d43.69969299999999!3m2!1i1024!2i768!4f13.1!3m3!1m2!1s0x0%3A0x3cdb400e8466b852!2sH%C3%B4tel%20Le%20Relais%20des%20Champs%203%20%C3%A9toiles!5e0!3m2!1sfr!2sfr!4v1647097130454!5m2!1sfr!2sfr\" width=\"100%\" height=\"615px\" allowfullscreen=\"allowfullscreen\"><\/iframe>[\/vc_column_text][image_with_animation image_url=&#8221;486&#8243; alignment=&#8221;&#8221; animation=&#8221;Fade In&#8221; border_radius=&#8221;none&#8221; box_shadow=&#8221;none&#8221; max_width=&#8221;100%&#8221;][\/vc_column][\/vc_row]\n","protected":false},"excerpt":{"rendered":"<p>[vc_row type=&#8221;full_width_content&#8221; full_screen_row_position=&#8221;bottom&#8221; equal_height=&#8221;yes&#8221; content_placement=&#8221;top&#8221; scene_position=&#8221;center&#8221; text_color=&#8221;dark&#8221; text_align=&#8221;left&#8221; class=&#8221;desk&#8221; overlay_strength=&#8221;0.3&#8243; shape_divider_position=&#8221;bottom&#8221; shape_type=&#8221;&#8221;][vc_column column_padding=&#8221;padding-5-percent&#8221; column_padding_position=&#8221;all&#8221; background_color=&#8221;#ffffff&#8221; background_color_opacity=&#8221;1&#8243; background_color_hover=&#8221;#ffffff&#8221; background_hover_color_opacity=&#8221;1&#8243; column_shadow=&#8221;none&#8221; column_border_radius=&#8221;none&#8221; width=&#8221;1\/2&#8243; tablet_text_alignment=&#8221;default&#8221; phone_text_alignment=&#8221;default&#8221; column_border_width=&#8221;none&#8221; column_border_style=&#8221;solid&#8221;][vc_custom_heading text=&#8221;Contact &amp; Location&#8221; font_container=&#8221;tag:h2|text_align:left|color:%230a0a0a&#8221; use_theme_fonts=&#8221;yes&#8221;][vc_row_inner&#8230;<\/p>\n","protected":false},"author":1,"featured_media":0,"parent":0,"menu_order":0,"comment_status":"closed","ping_status":"closed","template":"","meta":{"footnotes":""},"class_list":["post-758","page","type-page","status-publish"],"yoast_head":"<!-- This site is optimized with the Yoast SEO plugin v26.8 - https:\/\/yoast.com\/product\/yoast-seo-wordpress\/ -->\n<title>Contact &amp; Location - H\u00f4tel Relais des Champs<\/title>\n<meta name=\"robots\" content=\"index, follow, max-snippet:-1, max-image-preview:large, max-video-preview:-1\" \/>\n<link rel=\"canonical\" href=\"https:\/\/www.hotel-relaisdeschamps.com\/en\/contact-location\/\" \/>\n<meta property=\"og:locale\" content=\"en_US\" \/>\n<meta property=\"og:type\" content=\"article\" \/>\n<meta property=\"og:title\" content=\"Contact &amp; Location - H\u00f4tel Relais des Champs\" \/>\n<meta property=\"og:description\" content=\"[vc_row type=&#8221;full_width_content&#8221; full_screen_row_position=&#8221;bottom&#8221; equal_height=&#8221;yes&#8221; content_placement=&#8221;top&#8221; scene_position=&#8221;center&#8221; text_color=&#8221;dark&#8221; text_align=&#8221;left&#8221; class=&#8221;desk&#8221; overlay_strength=&#8221;0.3&#8243; shape_divider_position=&#8221;bottom&#8221; shape_type=&#8221;&#8221;][vc_column column_padding=&#8221;padding-5-percent&#8221; column_padding_position=&#8221;all&#8221; background_color=&#8221;#ffffff&#8221; background_color_opacity=&#8221;1&#8243; background_color_hover=&#8221;#ffffff&#8221; background_hover_color_opacity=&#8221;1&#8243; column_shadow=&#8221;none&#8221; column_border_radius=&#8221;none&#8221; width=&#8221;1\/2&#8243; tablet_text_alignment=&#8221;default&#8221; phone_text_alignment=&#8221;default&#8221; column_border_width=&#8221;none&#8221; column_border_style=&#8221;solid&#8221;][vc_custom_heading text=&#8221;Contact &amp; Location&#8221; font_container=&#8221;tag:h2|text_align:left|color:%230a0a0a&#8221; use_theme_fonts=&#8221;yes&#8221;][vc_row_inner...\" \/>\n<meta property=\"og:url\" content=\"https:\/\/www.hotel-relaisdeschamps.com\/en\/contact-location\/\" \/>\n<meta property=\"og:site_name\" content=\"H\u00f4tel Relais des Champs\" \/>\n<meta property=\"article:modified_time\" content=\"2022-11-07T14:24:19+00:00\" \/>\n<meta name=\"twitter:card\" content=\"summary_large_image\" \/>\n<meta name=\"twitter:label1\" content=\"Est. reading time\" \/>\n\t<meta name=\"twitter:data1\" content=\"2 minutes\" \/>\n<script type=\"application\/ld+json\" class=\"yoast-schema-graph\">{\"@context\":\"https:\/\/schema.org\",\"@graph\":[{\"@type\":\"WebPage\",\"@id\":\"https:\/\/www.hotel-relaisdeschamps.com\/en\/contact-location\/\",\"url\":\"https:\/\/www.hotel-relaisdeschamps.com\/en\/contact-location\/\",\"name\":\"Contact &amp; Location - H\u00f4tel Relais des Champs\",\"isPartOf\":{\"@id\":\"https:\/\/www.hotel-relaisdeschamps.com\/#website\"},\"datePublished\":\"2019-11-13T10:00:03+00:00\",\"dateModified\":\"2022-11-07T14:24:19+00:00\",\"breadcrumb\":{\"@id\":\"https:\/\/www.hotel-relaisdeschamps.com\/en\/contact-location\/#breadcrumb\"},\"inLanguage\":\"en-US\",\"potentialAction\":[{\"@type\":\"ReadAction\",\"target\":[\"https:\/\/www.hotel-relaisdeschamps.com\/en\/contact-location\/\"]}]},{\"@type\":\"BreadcrumbList\",\"@id\":\"https:\/\/www.hotel-relaisdeschamps.com\/en\/contact-location\/#breadcrumb\",\"itemListElement\":[{\"@type\":\"ListItem\",\"position\":1,\"name\":\"Accueil\",\"item\":\"https:\/\/www.hotel-relaisdeschamps.com\/en\/\"},{\"@type\":\"ListItem\",\"position\":2,\"name\":\"Contact &amp; Location\"}]},{\"@type\":\"WebSite\",\"@id\":\"https:\/\/www.hotel-relaisdeschamps.com\/#website\",\"url\":\"https:\/\/www.hotel-relaisdeschamps.com\/\",\"name\":\"H\u00f4tel Relais des Champs\",\"description\":\"Hotel *** 26 Chambres &amp; 4 suites, Piscine Chauff\u00e9e au coeur du village d&#039;Eug\u00e9nie les Bains\",\"potentialAction\":[{\"@type\":\"SearchAction\",\"target\":{\"@type\":\"EntryPoint\",\"urlTemplate\":\"https:\/\/www.hotel-relaisdeschamps.com\/?s={search_term_string}\"},\"query-input\":{\"@type\":\"PropertyValueSpecification\",\"valueRequired\":true,\"valueName\":\"search_term_string\"}}],\"inLanguage\":\"en-US\"}]}<\/script>\n<!-- \/ Yoast SEO plugin. -->","yoast_head_json":{"title":"Contact &amp; Location - H\u00f4tel Relais des Champs","robots":{"index":"index","follow":"follow","max-snippet":"max-snippet:-1","max-image-preview":"max-image-preview:large","max-video-preview":"max-video-preview:-1"},"canonical":"https:\/\/www.hotel-relaisdeschamps.com\/en\/contact-location\/","og_locale":"en_US","og_type":"article","og_title":"Contact &amp; Location - H\u00f4tel Relais des Champs","og_description":"[vc_row type=&#8221;full_width_content&#8221; full_screen_row_position=&#8221;bottom&#8221; equal_height=&#8221;yes&#8221; content_placement=&#8221;top&#8221; scene_position=&#8221;center&#8221; text_color=&#8221;dark&#8221; text_align=&#8221;left&#8221; class=&#8221;desk&#8221; overlay_strength=&#8221;0.3&#8243; shape_divider_position=&#8221;bottom&#8221; shape_type=&#8221;&#8221;][vc_column column_padding=&#8221;padding-5-percent&#8221; column_padding_position=&#8221;all&#8221; background_color=&#8221;#ffffff&#8221; background_color_opacity=&#8221;1&#8243; background_color_hover=&#8221;#ffffff&#8221; background_hover_color_opacity=&#8221;1&#8243; column_shadow=&#8221;none&#8221; column_border_radius=&#8221;none&#8221; width=&#8221;1\/2&#8243; tablet_text_alignment=&#8221;default&#8221; phone_text_alignment=&#8221;default&#8221; column_border_width=&#8221;none&#8221; column_border_style=&#8221;solid&#8221;][vc_custom_heading text=&#8221;Contact &amp; Location&#8221; font_container=&#8221;tag:h2|text_align:left|color:%230a0a0a&#8221; use_theme_fonts=&#8221;yes&#8221;][vc_row_inner...","og_url":"https:\/\/www.hotel-relaisdeschamps.com\/en\/contact-location\/","og_site_name":"H\u00f4tel Relais des Champs","article_modified_time":"2022-11-07T14:24:19+00:00","twitter_card":"summary_large_image","twitter_misc":{"Est. reading time":"2 minutes"},"schema":{"@context":"https:\/\/schema.org","@graph":[{"@type":"WebPage","@id":"https:\/\/www.hotel-relaisdeschamps.com\/en\/contact-location\/","url":"https:\/\/www.hotel-relaisdeschamps.com\/en\/contact-location\/","name":"Contact &amp; Location - H\u00f4tel Relais des Champs","isPartOf":{"@id":"https:\/\/www.hotel-relaisdeschamps.com\/#website"},"datePublished":"2019-11-13T10:00:03+00:00","dateModified":"2022-11-07T14:24:19+00:00","breadcrumb":{"@id":"https:\/\/www.hotel-relaisdeschamps.com\/en\/contact-location\/#breadcrumb"},"inLanguage":"en-US","potentialAction":[{"@type":"ReadAction","target":["https:\/\/www.hotel-relaisdeschamps.com\/en\/contact-location\/"]}]},{"@type":"BreadcrumbList","@id":"https:\/\/www.hotel-relaisdeschamps.com\/en\/contact-location\/#breadcrumb","itemListElement":[{"@type":"ListItem","position":1,"name":"Accueil","item":"https:\/\/www.hotel-relaisdeschamps.com\/en\/"},{"@type":"ListItem","position":2,"name":"Contact &amp; Location"}]},{"@type":"WebSite","@id":"https:\/\/www.hotel-relaisdeschamps.com\/#website","url":"https:\/\/www.hotel-relaisdeschamps.com\/","name":"H\u00f4tel Relais des Champs","description":"Hotel *** 26 Chambres &amp; 4 suites, Piscine Chauff\u00e9e au coeur du village d&#039;Eug\u00e9nie les Bains","potentialAction":[{"@type":"SearchAction","target":{"@type":"EntryPoint","urlTemplate":"https:\/\/www.hotel-relaisdeschamps.com\/?s={search_term_string}"},"query-input":{"@type":"PropertyValueSpecification","valueRequired":true,"valueName":"search_term_string"}}],"inLanguage":"en-US"}]}},"_links":{"self":[{"href":"https:\/\/www.hotel-relaisdeschamps.com\/en\/wp-json\/wp\/v2\/pages\/758","targetHints":{"allow":["GET"]}}],"collection":[{"href":"https:\/\/www.hotel-relaisdeschamps.com\/en\/wp-json\/wp\/v2\/pages"}],"about":[{"href":"https:\/\/www.hotel-relaisdeschamps.com\/en\/wp-json\/wp\/v2\/types\/page"}],"author":[{"embeddable":true,"href":"https:\/\/www.hotel-relaisdeschamps.com\/en\/wp-json\/wp\/v2\/users\/1"}],"replies":[{"embeddable":true,"href":"https:\/\/www.hotel-relaisdeschamps.com\/en\/wp-json\/wp\/v2\/comments?post=758"}],"version-history":[{"count":5,"href":"https:\/\/www.hotel-relaisdeschamps.com\/en\/wp-json\/wp\/v2\/pages\/758\/revisions"}],"predecessor-version":[{"id":763,"href":"https:\/\/www.hotel-relaisdeschamps.com\/en\/wp-json\/wp\/v2\/pages\/758\/revisions\/763"}],"wp:attachment":[{"href":"https:\/\/www.hotel-relaisdeschamps.com\/en\/wp-json\/wp\/v2\/media?parent=758"}],"curies":[{"name":"wp","href":"https:\/\/api.w.org\/{rel}","templated":true}]}}