{"id":798,"date":"2019-02-11T11:42:44","date_gmt":"2019-02-11T10:42:44","guid":{"rendered":"https:\/\/www.hotel-relaisdeschamps.com\/privacy-policy\/"},"modified":"2022-11-07T16:38:35","modified_gmt":"2022-11-07T15:38:35","slug":"privacy-policy","status":"publish","type":"page","link":"https:\/\/www.hotel-relaisdeschamps.com\/en\/privacy-policy\/","title":{"rendered":"Privacy Policy"},"content":{"rendered":"[vc_row type=&#8221;in_container&#8221; full_screen_row_position=&#8221;middle&#8221; scene_position=&#8221;center&#8221; text_color=&#8221;dark&#8221; text_align=&#8221;left&#8221; overlay_strength=&#8221;0.3&#8243; shape_divider_position=&#8221;bottom&#8221;][vc_column column_padding=&#8221;no-extra-padding&#8221; column_padding_position=&#8221;all&#8221; background_color_opacity=&#8221;1&#8243; background_hover_color_opacity=&#8221;1&#8243; column_shadow=&#8221;none&#8221; column_border_radius=&#8221;none&#8221; width=&#8221;1\/1&#8243; tablet_text_alignment=&#8221;default&#8221; phone_text_alignment=&#8221;default&#8221; column_border_width=&#8221;none&#8221; column_border_style=&#8221;solid&#8221;][vc_custom_heading text=&#8221;Privacy Policy&#8221; use_theme_fonts=&#8221;yes&#8221;][vc_column_text]<b>DONN\u00c9ES<\/b><strong> PERSONNELLES <\/strong><b>COLLECT\u00c9ES<\/b><br \/>\nDeux types de donn\u00e9es \u00e0 caract\u00e8re personnel sont collect\u00e9s sur le site <a href=\"https:\/\/www.novae-communication.com\/\">https:\/\/www.novae-communication.com<\/a> :<\/p>\n<p>\u2022 Donn\u00e9es saisies et envoy\u00e9es via les formulaires<br \/>\n\u2022 Donn\u00e9es collect\u00e9es par l\u2019outil de mesure d\u2019audience Google Analytics<\/p>\n<p><b>RESPONSABLE DE TRAITEMENT DES DONN\u00c9ES PERSONNELLES<\/b><br \/>\nLes donn\u00e9es personnelles sont collect\u00e9es sur le site par la soci\u00e9t\u00e9 Novae Communication, soci\u00e9t\u00e9 par actions simplifi\u00e9e immatricul\u00e9e au RCS de Pau sous le num\u00e9ro 433 390 887 et dont le si\u00e8ge social est 2 avenue Pierre Angot \u2013 Technopole H\u00e9lioparc, 64053 Pau cedex 9.<\/p>\n<p><strong>FINALIT\u00c9 DE LA COLLECTE DES DONN\u00c9ES PERSONNELLES<\/strong><br \/>\nLa collecte des donn\u00e9es personnelles \u00e0 travers les diff\u00e9rents formulaires pr\u00e9sents sur le site a pour but de :<\/p>\n<p>\u2022 Recontacter les personnes qui ont enregistr\u00e9 une r\u00e9servation sur le site<br \/>\n\u2022 Permettre l\u2019envoi de lettres d\u2019information par nos services<\/p>\n<p>En soumettant le formulaire et en cochant les cases \u00e0 cocher de consentement ad\u00e9quates du formulaire, l\u2019internaute donne express\u00e9ment son accord pour que les donn\u00e9es \u00e0 caract\u00e8re personnel soient trait\u00e9es pour la finalit\u00e9 de la relation commerciale.<\/p>\n<p>La collecte des donn\u00e9es personnelles \u00e0 travers l\u2019outil de suivi d\u2019audience Google Analytics utilis\u00e9 sur le site a pour but de :<\/p>\n<p>\u2022 Analyser le comportement des internautes sur le site afin de pouvoir mesurer leur audience et am\u00e9liorer leur performance.<br \/>\nGoogle Analytics utilise des cookies tiers afin de distinguer les utilisateurs. Les cookies sont des fichiers texte install\u00e9s sur le terminal des internautes. Ils ne contiennent aucune information nominative, uniquement des identifiants cr\u00e9\u00e9s de mani\u00e8re al\u00e9atoire.<\/p>\n<p>En parcourant le site, l\u2019internaute donne express\u00e9ment son accord pour que les donn\u00e9es \u00e0 caract\u00e8re personnel collect\u00e9es par Google Analytics soient trait\u00e9es pour la finalit\u00e9 d\u2019analyse du comportement des internautes en vue de l\u2019am\u00e9lioration de la performance du site.<\/p>\n<p><b>DUR\u00c9E DE CONSERVATIONS DES DONN\u00c9ES PERSONNELLES<\/b><br \/>\nLes donn\u00e9es collect\u00e9es via les formulaires sont conserv\u00e9es pendant une dur\u00e9e de 12 mois \u00e0 compter de l\u2019envoi du formulaire. Les cookies utilis\u00e9s par l\u2019outil de mesure d\u2019audience Google Analytics ont les dur\u00e9es de vie suivantes :<\/p>\n<p>_ga : 2 ans<br \/>\n_gid : 24 heures<br \/>\n_gat : 1 minute<\/p>\n<p><strong>CONFIDENTIALIT\u00c9 DES DONN\u00c9ES PERSONNELLES<\/strong><br \/>\nLes donn\u00e9es personnelles vous concernant et collect\u00e9es par le site <a href=\"https:\/\/www.novae-communication.com\/\">https:\/\/www.novae-communication.com<\/a> sont uniquement destin\u00e9es \u00e0 l\u2019entreprise Novae Communication et seront uniquement exploit\u00e9es dans le cadre de la demande explicit\u00e9e via le formulaire.<\/p>\n<p>En aucun cas, les donn\u00e9es personnelles saisies et envoy\u00e9es sur les formulaires ne seront transmises, lou\u00e9es ou commercialis\u00e9es \u00e0 des tiers. Les employ\u00e9s de Novae Communication vont signer un accord de confidentialit\u00e9 qui les oblige \u00e0 respecter la confidentialit\u00e9 des donn\u00e9es sous peine de sanctions.<\/p>\n<p><strong>LIEU DE STOCKAGE DES DONN\u00c9ES PERSONNELLES<\/strong><br \/>\nLes serveurs d\u2019h\u00e9bergement du site sont exclusivement situ\u00e9s en France, au sein de l\u2019Union Europ\u00e9enne.<\/p>\n<p>Novae Communication s\u2019engage \u00e0 proc\u00e9der \u00e0 aucun transfert de donn\u00e9es \u00e0 caract\u00e8re personnel \u00e0 destination d\u2019un Etat non membre de la Communaut\u00e9 europ\u00e9enne.<\/p>\n<p><strong>S\u00c9CURIT\u00c9 DES DONN\u00c9ES PERSONNELLES<\/strong><br \/>\nLe site est h\u00e9berg\u00e9 sur nos propres serveurs s\u00e9curis\u00e9s.<\/p>\n<p>La totalit\u00e9 des pages est en mode s\u00e9curis\u00e9 de type HTTPS, TLS 1.2 \/ RSA 2048 bits (SHA256withRSA). Il s\u2019agit d\u2019un protocole de s\u00e9curisation permettant de chiffrer le contenu des \u00e9changes entre le navigateur et les serveurs de bases de donn\u00e9es.<\/p>\n<p>Cela \u00e9vite que les donn\u00e9es personnelles saisies et envoy\u00e9es via les formulaires soient facilement lues par des tiers lors de leur transit.<\/p>\n<p>Cependant, aucune transmission ou stockage de donn\u00e9es personnelles n\u2019est jamais totalement s\u00e9curis\u00e9e. En cons\u00e9quence, nous ne pouvons pas garantir la s\u00e9curit\u00e9 infaillible de l\u2019information transmise ou stock\u00e9e sur les serveurs d\u2019h\u00e9bergement.<\/p>\n<p><b>D\u00c9L\u00c9GU\u00c9 A LA PROTECTION DES DONN\u00c9ES PERSONNELLES<\/b><br \/>\nDidier Laborde est le D\u00e9l\u00e9gu\u00e9 \u00e0 la Protection des Donn\u00e9es (DPD) de l\u2019entreprise Novae Communication. Il est notamment en charge d\u2019assurer la conformit\u00e9 des activit\u00e9s de l\u2019entreprise avec le nouveau cadre l\u00e9gal europ\u00e9en du RGPD et de coop\u00e9rer avec l\u2019autorit\u00e9 de contr\u00f4le.<\/p>\n<p>Vous pouvez le contacter en utilisant <a href=\"https:\/\/www.novae-communication.com\/formulaire-rgpd\/\">le formulaire de contact<\/a> ou par courrier \u00e0 : Novae Communication D\u00e9l\u00e9gu\u00e9 \u00e0 la Protection des Donn\u00e9es \u2013 2 avenue Pierre Angot \u2013 Technopole H\u00e9lioparc \u2013 64053 Pau cedex 9<\/p>\n<p><b>DROIT D\u2019ACC\u00c8S, DE RECTIFICATION OU DE SUPPRESSION DES DONN\u00c9ES PERSONNELLES<\/b><br \/>\nConform\u00e9ment \u00e0 la loi Informatique et Libert\u00e9s du 6 janvier 1978 modifi\u00e9e, et le R\u00e8glement Europ\u00e9en G\u00e9n\u00e9ral sur la Protection des Donn\u00e9es 2016\/679 (RGPD), vous disposez des droits d\u2019acc\u00e8s, de rectification et de suppression des donn\u00e9es personnelles vous concernant que vous pouvez exercer en utilisant <a href=\"https:\/\/www.novae-communication.com\/formulaire-rgpd\/\">le formulaire de contact<\/a> ou en envoyant un courrier \u00e0 Novae Communication \u2013 2 avenue Pierre Angot \u2013 Technopole H\u00e9lioparc \u2013 64053 Pau cedex 9[\/vc_column_text][\/vc_column][\/vc_row]\n","protected":false},"excerpt":{"rendered":"<p>[vc_row type=&#8221;in_container&#8221; full_screen_row_position=&#8221;middle&#8221; scene_position=&#8221;center&#8221; text_color=&#8221;dark&#8221; text_align=&#8221;left&#8221; overlay_strength=&#8221;0.3&#8243; shape_divider_position=&#8221;bottom&#8221;][vc_column column_padding=&#8221;no-extra-padding&#8221; column_padding_position=&#8221;all&#8221; background_color_opacity=&#8221;1&#8243; background_hover_color_opacity=&#8221;1&#8243; column_shadow=&#8221;none&#8221; column_border_radius=&#8221;none&#8221; width=&#8221;1\/1&#8243; tablet_text_alignment=&#8221;default&#8221; phone_text_alignment=&#8221;default&#8221; column_border_width=&#8221;none&#8221; column_border_style=&#8221;solid&#8221;][vc_custom_heading text=&#8221;Privacy Policy&#8221; use_theme_fonts=&#8221;yes&#8221;][vc_column_text]DONN\u00c9ES PERSONNELLES COLLECT\u00c9ES Deux types de donn\u00e9es \u00e0 caract\u00e8re&#8230;<\/p>\n","protected":false},"author":1,"featured_media":0,"parent":0,"menu_order":0,"comment_status":"closed","ping_status":"closed","template":"","meta":{"footnotes":""},"class_list":["post-798","page","type-page","status-publish"],"yoast_head":"<!-- This site is optimized with the Yoast SEO plugin v26.8 - https:\/\/yoast.com\/product\/yoast-seo-wordpress\/ -->\n<title>Privacy Policy - H\u00f4tel Relais des Champs<\/title>\n<meta name=\"robots\" content=\"index, follow, max-snippet:-1, max-image-preview:large, max-video-preview:-1\" \/>\n<link rel=\"canonical\" href=\"https:\/\/www.hotel-relaisdeschamps.com\/en\/privacy-policy\/\" \/>\n<meta property=\"og:locale\" content=\"en_US\" \/>\n<meta property=\"og:type\" content=\"article\" \/>\n<meta property=\"og:title\" content=\"Privacy Policy - H\u00f4tel Relais des Champs\" \/>\n<meta property=\"og:description\" content=\"[vc_row type=&#8221;in_container&#8221; full_screen_row_position=&#8221;middle&#8221; scene_position=&#8221;center&#8221; text_color=&#8221;dark&#8221; text_align=&#8221;left&#8221; overlay_strength=&#8221;0.3&#8243; shape_divider_position=&#8221;bottom&#8221;][vc_column column_padding=&#8221;no-extra-padding&#8221; column_padding_position=&#8221;all&#8221; background_color_opacity=&#8221;1&#8243; background_hover_color_opacity=&#8221;1&#8243; column_shadow=&#8221;none&#8221; column_border_radius=&#8221;none&#8221; width=&#8221;1\/1&#8243; tablet_text_alignment=&#8221;default&#8221; phone_text_alignment=&#8221;default&#8221; column_border_width=&#8221;none&#8221; column_border_style=&#8221;solid&#8221;][vc_custom_heading text=&#8221;Privacy Policy&#8221; use_theme_fonts=&#8221;yes&#8221;][vc_column_text]DONN\u00c9ES PERSONNELLES COLLECT\u00c9ES Deux types de donn\u00e9es \u00e0 caract\u00e8re...\" \/>\n<meta property=\"og:url\" content=\"https:\/\/www.hotel-relaisdeschamps.com\/en\/privacy-policy\/\" \/>\n<meta property=\"og:site_name\" content=\"H\u00f4tel Relais des Champs\" \/>\n<meta property=\"article:modified_time\" content=\"2022-11-07T15:38:35+00:00\" \/>\n<meta name=\"twitter:card\" content=\"summary_large_image\" \/>\n<meta name=\"twitter:label1\" content=\"Est. reading time\" \/>\n\t<meta name=\"twitter:data1\" content=\"5 minutes\" \/>\n<script type=\"application\/ld+json\" class=\"yoast-schema-graph\">{\"@context\":\"https:\/\/schema.org\",\"@graph\":[{\"@type\":\"WebPage\",\"@id\":\"https:\/\/www.hotel-relaisdeschamps.com\/en\/privacy-policy\/\",\"url\":\"https:\/\/www.hotel-relaisdeschamps.com\/en\/privacy-policy\/\",\"name\":\"Privacy Policy - H\u00f4tel Relais des Champs\",\"isPartOf\":{\"@id\":\"https:\/\/www.hotel-relaisdeschamps.com\/#website\"},\"datePublished\":\"2019-02-11T10:42:44+00:00\",\"dateModified\":\"2022-11-07T15:38:35+00:00\",\"breadcrumb\":{\"@id\":\"https:\/\/www.hotel-relaisdeschamps.com\/en\/privacy-policy\/#breadcrumb\"},\"inLanguage\":\"en-US\",\"potentialAction\":[{\"@type\":\"ReadAction\",\"target\":[\"https:\/\/www.hotel-relaisdeschamps.com\/en\/privacy-policy\/\"]}]},{\"@type\":\"BreadcrumbList\",\"@id\":\"https:\/\/www.hotel-relaisdeschamps.com\/en\/privacy-policy\/#breadcrumb\",\"itemListElement\":[{\"@type\":\"ListItem\",\"position\":1,\"name\":\"Accueil\",\"item\":\"https:\/\/www.hotel-relaisdeschamps.com\/en\/\"},{\"@type\":\"ListItem\",\"position\":2,\"name\":\"Privacy Policy\"}]},{\"@type\":\"WebSite\",\"@id\":\"https:\/\/www.hotel-relaisdeschamps.com\/#website\",\"url\":\"https:\/\/www.hotel-relaisdeschamps.com\/\",\"name\":\"H\u00f4tel Relais des Champs\",\"description\":\"Hotel *** 26 Chambres &amp; 4 suites, Piscine Chauff\u00e9e au coeur du village d&#039;Eug\u00e9nie les Bains\",\"potentialAction\":[{\"@type\":\"SearchAction\",\"target\":{\"@type\":\"EntryPoint\",\"urlTemplate\":\"https:\/\/www.hotel-relaisdeschamps.com\/?s={search_term_string}\"},\"query-input\":{\"@type\":\"PropertyValueSpecification\",\"valueRequired\":true,\"valueName\":\"search_term_string\"}}],\"inLanguage\":\"en-US\"}]}<\/script>\n<!-- \/ Yoast SEO plugin. -->","yoast_head_json":{"title":"Privacy Policy - H\u00f4tel Relais des Champs","robots":{"index":"index","follow":"follow","max-snippet":"max-snippet:-1","max-image-preview":"max-image-preview:large","max-video-preview":"max-video-preview:-1"},"canonical":"https:\/\/www.hotel-relaisdeschamps.com\/en\/privacy-policy\/","og_locale":"en_US","og_type":"article","og_title":"Privacy Policy - H\u00f4tel Relais des Champs","og_description":"[vc_row type=&#8221;in_container&#8221; full_screen_row_position=&#8221;middle&#8221; scene_position=&#8221;center&#8221; text_color=&#8221;dark&#8221; text_align=&#8221;left&#8221; overlay_strength=&#8221;0.3&#8243; shape_divider_position=&#8221;bottom&#8221;][vc_column column_padding=&#8221;no-extra-padding&#8221; column_padding_position=&#8221;all&#8221; background_color_opacity=&#8221;1&#8243; background_hover_color_opacity=&#8221;1&#8243; column_shadow=&#8221;none&#8221; column_border_radius=&#8221;none&#8221; width=&#8221;1\/1&#8243; tablet_text_alignment=&#8221;default&#8221; phone_text_alignment=&#8221;default&#8221; column_border_width=&#8221;none&#8221; column_border_style=&#8221;solid&#8221;][vc_custom_heading text=&#8221;Privacy Policy&#8221; use_theme_fonts=&#8221;yes&#8221;][vc_column_text]DONN\u00c9ES PERSONNELLES COLLECT\u00c9ES Deux types de donn\u00e9es \u00e0 caract\u00e8re...","og_url":"https:\/\/www.hotel-relaisdeschamps.com\/en\/privacy-policy\/","og_site_name":"H\u00f4tel Relais des Champs","article_modified_time":"2022-11-07T15:38:35+00:00","twitter_card":"summary_large_image","twitter_misc":{"Est. reading time":"5 minutes"},"schema":{"@context":"https:\/\/schema.org","@graph":[{"@type":"WebPage","@id":"https:\/\/www.hotel-relaisdeschamps.com\/en\/privacy-policy\/","url":"https:\/\/www.hotel-relaisdeschamps.com\/en\/privacy-policy\/","name":"Privacy Policy - H\u00f4tel Relais des Champs","isPartOf":{"@id":"https:\/\/www.hotel-relaisdeschamps.com\/#website"},"datePublished":"2019-02-11T10:42:44+00:00","dateModified":"2022-11-07T15:38:35+00:00","breadcrumb":{"@id":"https:\/\/www.hotel-relaisdeschamps.com\/en\/privacy-policy\/#breadcrumb"},"inLanguage":"en-US","potentialAction":[{"@type":"ReadAction","target":["https:\/\/www.hotel-relaisdeschamps.com\/en\/privacy-policy\/"]}]},{"@type":"BreadcrumbList","@id":"https:\/\/www.hotel-relaisdeschamps.com\/en\/privacy-policy\/#breadcrumb","itemListElement":[{"@type":"ListItem","position":1,"name":"Accueil","item":"https:\/\/www.hotel-relaisdeschamps.com\/en\/"},{"@type":"ListItem","position":2,"name":"Privacy Policy"}]},{"@type":"WebSite","@id":"https:\/\/www.hotel-relaisdeschamps.com\/#website","url":"https:\/\/www.hotel-relaisdeschamps.com\/","name":"H\u00f4tel Relais des Champs","description":"Hotel *** 26 Chambres &amp; 4 suites, Piscine Chauff\u00e9e au coeur du village d&#039;Eug\u00e9nie les Bains","potentialAction":[{"@type":"SearchAction","target":{"@type":"EntryPoint","urlTemplate":"https:\/\/www.hotel-relaisdeschamps.com\/?s={search_term_string}"},"query-input":{"@type":"PropertyValueSpecification","valueRequired":true,"valueName":"search_term_string"}}],"inLanguage":"en-US"}]}},"_links":{"self":[{"href":"https:\/\/www.hotel-relaisdeschamps.com\/en\/wp-json\/wp\/v2\/pages\/798","targetHints":{"allow":["GET"]}}],"collection":[{"href":"https:\/\/www.hotel-relaisdeschamps.com\/en\/wp-json\/wp\/v2\/pages"}],"about":[{"href":"https:\/\/www.hotel-relaisdeschamps.com\/en\/wp-json\/wp\/v2\/types\/page"}],"author":[{"embeddable":true,"href":"https:\/\/www.hotel-relaisdeschamps.com\/en\/wp-json\/wp\/v2\/users\/1"}],"replies":[{"embeddable":true,"href":"https:\/\/www.hotel-relaisdeschamps.com\/en\/wp-json\/wp\/v2\/comments?post=798"}],"version-history":[{"count":5,"href":"https:\/\/www.hotel-relaisdeschamps.com\/en\/wp-json\/wp\/v2\/pages\/798\/revisions"}],"predecessor-version":[{"id":803,"href":"https:\/\/www.hotel-relaisdeschamps.com\/en\/wp-json\/wp\/v2\/pages\/798\/revisions\/803"}],"wp:attachment":[{"href":"https:\/\/www.hotel-relaisdeschamps.com\/en\/wp-json\/wp\/v2\/media?parent=798"}],"curies":[{"name":"wp","href":"https:\/\/api.w.org\/{rel}","templated":true}]}}